{"id":10,"date":"2025-09-23T05:47:28","date_gmt":"2025-09-23T05:47:28","guid":{"rendered":"https:\/\/www.earlydoorsdisco.com\/?page_id=10"},"modified":"2025-09-23T17:24:33","modified_gmt":"2025-09-23T17:24:33","slug":"s666-link-dang-nhap-s666-me-moi-nhat-09-2025-dang-ky-nhan-888k","status":"publish","type":"page","link":"https:\/\/www.earlydoorsdisco.com\/","title":{"rendered":"S66\/S666 \u2013 Nh\u00e0 C\u00e1i C\u00e1 C\u01b0\u1ee3c H\u00e0ng \u0110\u1ea7u 2025 | Link S666.me"},"content":{"rendered":"\t<section class=\"section\" id=\"section_1966120656\">\n\t\t<div class=\"bg section-bg fill bg-fill  bg-loaded\" >\n\n\t\t\t\n\t\t\t\n\t\t\t\n\n\t\t<\/div>\n\n\t\t\n\n\t\t<div class=\"section-content relative\">\n\t\t\t\n<div class=\"row\"  id=\"row-152287117\">\n\n\t<div id=\"col-59233419\" class=\"col small-12 large-12\"  >\n\t\t\t\t<div class=\"col-inner\"  >\n\t\t\t\n\t\t\t\n<div class=\"container section-title-container\" ><h1 class=\"section-title section-title-center\"><b><\/b><span class=\"section-title-main\" style=\"font-size:85%;color:#00ff00;\">S66\/S666 \u2013 Nh\u00e0 C\u00e1i C\u00e1 C\u01b0\u1ee3c H\u00e0ng \u0110\u1ea7u 2025 | Link S666.me<\/span><b><\/b><\/h1><\/div>\n\t<div id=\"text-3345539035\" class=\"text\">\n\t\t\n<blockquote>\n<p dir=\"ltr\" data-pm-slice=\"1 1 &#091;&#093;\">Nh\u00e0 c\u00e1i <strong><a href=\"https:\/\/www.earlydoorsdisco.com\/\">S666<\/a><\/strong>, c\u00f2n g\u1ecdi l\u00e0 <strong>S66<\/strong> ho\u1eb7c <strong>S6666<\/strong>, \u0111\u00e3 kh\u1eb3ng \u0111\u1ecbnh v\u1ecb th\u1ebf l\u00e0 m\u1ed9t trong nh\u1eefng n\u1ec1n t\u1ea3ng c\u00e1 c\u01b0\u1ee3c tr\u1ef1c tuy\u1ebfn h\u00e0ng \u0111\u1ea7u t\u1ea1i Vi\u1ec7t Nam. T\u1ea1i <strong>S666.me<\/strong>, ng\u01b0\u1eddi ch\u01a1i c\u00f3 th\u1ec3 tr\u1ea3i nghi\u1ec7m c\u00e1c danh m\u1ee5c gi\u1ea3i tr\u00ed nh\u01b0 c\u00e1 c\u01b0\u1ee3c th\u1ec3 thao, casino, b\u1eafn c\u00e1, game b\u00e0i, \u0111\u00e1 g\u00e0 v\u00e0 x\u1ed5 s\u1ed1. \u1ee8ng d\u1ee5ng <strong>S666 app<\/strong> gi\u00fap truy c\u1eadp d\u1ec5 d\u00e0ng, trong khi c\u00e1c ch\u01b0\u01a1ng tr\u00ecnh khuy\u1ebfn m\u00e3i h\u1ea5p d\u1eabn v\u00e0 h\u01b0\u1edbng d\u1eabn an to\u00e0n chi ti\u1ebft \u0111\u1ea3m b\u1ea3o tr\u1ea3i nghi\u1ec7m c\u00e1 c\u01b0\u1ee3c an to\u00e0n v\u00e0 th\u00fa v\u1ecb.<\/p>\n<\/blockquote>\n<ul>\n<li style=\"text-align: left;\">Link Trang Ch\u1ee7 <strong>S666<\/strong> Ch\u00ednh Th\u1ee9c 09\/2025: <strong><a href=\"https:\/\/www.earlydoorsdisco.com\/\">https:\/\/www.earlydoorsdisco.com\/<\/a><\/strong><\/li>\n<\/ul>\n\t\t\n<style>\n#text-3345539035 {\n  color: rgb(255,255,255);\n}\n#text-3345539035 > * {\n  color: rgb(255,255,255);\n}\n<\/style>\n\t<\/div>\n\t\n\t\t<\/div>\n\t\t\t\t\t<\/div>\n\n\t\n<\/div>\n\t\t<\/div>\n\n\t\t\n<style>\n#section_1966120656 {\n  padding-top: 30px;\n  padding-bottom: 30px;\n}\n<\/style>\n\t<\/section>\n\t\n","protected":false},"excerpt":{"rendered":"","protected":false},"author":1,"featured_media":0,"parent":0,"menu_order":0,"comment_status":"closed","ping_status":"closed","template":"page-blank.php","meta":{"footnotes":""},"class_list":["post-10","page","type-page","status-publish","hentry"],"_links":{"self":[{"href":"https:\/\/www.earlydoorsdisco.com\/index.php\/wp-json\/wp\/v2\/pages\/10","targetHints":{"allow":["GET"]}}],"collection":[{"href":"https:\/\/www.earlydoorsdisco.com\/index.php\/wp-json\/wp\/v2\/pages"}],"about":[{"href":"https:\/\/www.earlydoorsdisco.com\/index.php\/wp-json\/wp\/v2\/types\/page"}],"author":[{"embeddable":true,"href":"https:\/\/www.earlydoorsdisco.com\/index.php\/wp-json\/wp\/v2\/users\/1"}],"replies":[{"embeddable":true,"href":"https:\/\/www.earlydoorsdisco.com\/index.php\/wp-json\/wp\/v2\/comments?post=10"}],"version-history":[{"count":11,"href":"https:\/\/www.earlydoorsdisco.com\/index.php\/wp-json\/wp\/v2\/pages\/10\/revisions"}],"predecessor-version":[{"id":40,"href":"https:\/\/www.earlydoorsdisco.com\/index.php\/wp-json\/wp\/v2\/pages\/10\/revisions\/40"}],"wp:attachment":[{"href":"https:\/\/www.earlydoorsdisco.com\/index.php\/wp-json\/wp\/v2\/media?parent=10"}],"curies":[{"name":"wp","href":"https:\/\/api.w.org\/{rel}","templated":true}]}}